{"id":20,"date":"2014-11-11T17:30:26","date_gmt":"2014-11-11T16:30:26","guid":{"rendered":"http:\/\/www.bullesetnature.fr\/?page_id=20"},"modified":"2023-06-06T08:48:36","modified_gmt":"2023-06-06T07:48:36","slug":"que-faire","status":"publish","type":"page","link":"https:\/\/www.bullesetnature.fr\/?page_id=20","title":{"rendered":"Activit\u00e9s"},"content":{"rendered":"\n<div class=\"wp-block-group is-nowrap is-layout-flex wp-container-core-group-is-layout-6c531013 wp-block-group-is-layout-flex\">\n<figure class=\"wp-block-image\"><img loading=\"lazy\" decoding=\"async\" width=\"236\" height=\"236\" src=\"https:\/\/www.bullesetnature.fr\/wp-content\/uploads\/2014\/11\/Cond\u00e9.jpg\" alt=\"Cond\u00e9\" class=\"wp-image-59\" srcset=\"https:\/\/www.bullesetnature.fr\/wp-content\/uploads\/2014\/11\/Cond\u00e9.jpg 236w, https:\/\/www.bullesetnature.fr\/wp-content\/uploads\/2014\/11\/Cond\u00e9-150x150.jpg 150w\" sizes=\"auto, (max-width: 236px) 100vw, 236px\" \/><\/figure>\n\n\n\n<p>Notre habitation&nbsp;se situe sur la commune d&rsquo;Hergnies, petite ville rurale transfrontali\u00e8re situ\u00e9e entre Lille et Valenciennes au nord de Saint Amand les Eaux sur le territoire du Parc Naturel Scarpe Escaut et \u00e0 moins de 10 minutes de la tr\u00e8s jolie commune fortifi\u00e9e de Cond\u00e9 sur Escaut.<\/p>\n<\/div>\n\n\n\n<div class=\"wp-block-group is-content-justification-left is-nowrap is-layout-flex wp-container-core-group-is-layout-327ecd92 wp-block-group-is-layout-flex\">\n<figure class=\"wp-block-image alignright\"><img loading=\"lazy\" decoding=\"async\" width=\"293\" height=\"195\" src=\"https:\/\/www.bullesetnature.fr\/wp-content\/uploads\/2014\/11\/Gr\u00e8be.jpg\" alt=\"Gr\u00e8be\" class=\"wp-image-62\"\/><\/figure>\n\n\n\n<p class=\"has-text-align-left\">Notre chambre d&rsquo;h\u00f4te est en plein c\u0153ur de la zone naturelle du \u00ab&nbsp;Grand Marais&nbsp;\u00bb d\u2019int\u00e9r\u00eat \u00e9cologique Faune-Flore majeur (zone ZNIEFF). Elle est situ\u00e9e \u00e0 moins de 20 m\u00e9tres de zones mar\u00e9cageuses o\u00f9 viennent se poser de nombreuses vari\u00e9t\u00e9s d&rsquo;oiseaux comme la grande aigrette et o\u00f9 il n&rsquo;est pas rare d\u2019observer des fleurs prot\u00e9g\u00e9es comme certaines orchid\u00e9es sauvages.<\/p>\n<\/div>\n\n\n\n<p class=\"has-text-align-left\">Notre situation poss\u00e8de de nombreuses possibilit\u00e9s d&rsquo;activit\u00e9s de plein air&nbsp;:<\/p>\n\n\n\n<ul class=\"wp-block-list\">\n<li>Randonn\u00e9e p\u00e9destre&nbsp; (chemin du CG \u00ab&nbsp;entre terre et eaux&nbsp;\u00bb)<\/li>\n\n\n\n<li>Randonn\u00e9e VTT (balis\u00e9e par le CG)<\/li>\n\n\n\n<li>P\u00eache en \u00e9tangs<\/li>\n\n\n\n<li>Randonn\u00e9e \u00e9questre<\/li>\n\n\n\n<li>Course \u00e0 pied<\/li>\n\n\n\n<li>Observations ornithologiques<\/li>\n\n\n\n<li>Observations floristiques<\/li>\n<\/ul>\n","protected":false},"excerpt":{"rendered":"<p>Notre habitation&nbsp;se situe sur la commune d&rsquo;Hergnies, petite ville rurale transfrontali\u00e8re situ\u00e9e entre Lille et Valenciennes au nord de Saint Amand les Eaux sur le territoire du Parc Naturel Scarpe Escaut et \u00e0 moins de 10 minutes de la tr\u00e8s jolie commune fortifi\u00e9e de Cond\u00e9 sur Escaut. Notre chambre d&rsquo;h\u00f4te est en plein c\u0153ur de [&hellip;]<\/p>\n","protected":false},"author":1,"featured_media":0,"parent":0,"menu_order":0,"comment_status":"closed","ping_status":"open","template":"","meta":{"site-sidebar-layout":"default","site-content-layout":"","ast-site-content-layout":"default","site-content-style":"default","site-sidebar-style":"default","ast-global-header-display":"","ast-banner-title-visibility":"","ast-main-header-display":"","ast-hfb-above-header-display":"","ast-hfb-below-header-display":"","ast-hfb-mobile-header-display":"","site-post-title":"","ast-breadcrumbs-content":"","ast-featured-img":"","footer-sml-layout":"","ast-disable-related-posts":"","theme-transparent-header-meta":"","adv-header-id-meta":"","stick-header-meta":"","header-above-stick-meta":"","header-main-stick-meta":"","header-below-stick-meta":"","astra-migrate-meta-layouts":"default","ast-page-background-enabled":"default","ast-page-background-meta":{"desktop":{"background-color":"var(--ast-global-color-4)","background-image":"","background-repeat":"repeat","background-position":"center center","background-size":"auto","background-attachment":"scroll","background-type":"","background-media":"","overlay-type":"","overlay-color":"","overlay-opacity":"","overlay-gradient":""},"tablet":{"background-color":"","background-image":"","background-repeat":"repeat","background-position":"center center","background-size":"auto","background-attachment":"scroll","background-type":"","background-media":"","overlay-type":"","overlay-color":"","overlay-opacity":"","overlay-gradient":""},"mobile":{"background-color":"","background-image":"","background-repeat":"repeat","background-position":"center center","background-size":"auto","background-attachment":"scroll","background-type":"","background-media":"","overlay-type":"","overlay-color":"","overlay-opacity":"","overlay-gradient":""}},"ast-content-background-meta":{"desktop":{"background-color":"var(--ast-global-color-5)","background-image":"","background-repeat":"repeat","background-position":"center center","background-size":"auto","background-attachment":"scroll","background-type":"","background-media":"","overlay-type":"","overlay-color":"","overlay-opacity":"","overlay-gradient":""},"tablet":{"background-color":"var(--ast-global-color-5)","background-image":"","background-repeat":"repeat","background-position":"center center","background-size":"auto","background-attachment":"scroll","background-type":"","background-media":"","overlay-type":"","overlay-color":"","overlay-opacity":"","overlay-gradient":""},"mobile":{"background-color":"var(--ast-global-color-5)","background-image":"","background-repeat":"repeat","background-position":"center center","background-size":"auto","background-attachment":"scroll","background-type":"","background-media":"","overlay-type":"","overlay-color":"","overlay-opacity":"","overlay-gradient":""}},"footnotes":""},"class_list":["post-20","page","type-page","status-publish","hentry"],"_links":{"self":[{"href":"https:\/\/www.bullesetnature.fr\/index.php?rest_route=\/wp\/v2\/pages\/20","targetHints":{"allow":["GET"]}}],"collection":[{"href":"https:\/\/www.bullesetnature.fr\/index.php?rest_route=\/wp\/v2\/pages"}],"about":[{"href":"https:\/\/www.bullesetnature.fr\/index.php?rest_route=\/wp\/v2\/types\/page"}],"author":[{"embeddable":true,"href":"https:\/\/www.bullesetnature.fr\/index.php?rest_route=\/wp\/v2\/users\/1"}],"replies":[{"embeddable":true,"href":"https:\/\/www.bullesetnature.fr\/index.php?rest_route=%2Fwp%2Fv2%2Fcomments&post=20"}],"version-history":[{"count":5,"href":"https:\/\/www.bullesetnature.fr\/index.php?rest_route=\/wp\/v2\/pages\/20\/revisions"}],"predecessor-version":[{"id":369,"href":"https:\/\/www.bullesetnature.fr\/index.php?rest_route=\/wp\/v2\/pages\/20\/revisions\/369"}],"wp:attachment":[{"href":"https:\/\/www.bullesetnature.fr\/index.php?rest_route=%2Fwp%2Fv2%2Fmedia&parent=20"}],"curies":[{"name":"wp","href":"https:\/\/api.w.org\/{rel}","templated":true}]}}