{"id":32,"date":"2014-11-11T17:32:02","date_gmt":"2014-11-11T16:32:02","guid":{"rendered":"http:\/\/www.bullesetnature.fr\/?page_id=32"},"modified":"2024-07-12T11:03:15","modified_gmt":"2024-07-12T10:03:15","slug":"tarifs","status":"publish","type":"page","link":"https:\/\/www.bullesetnature.fr\/?page_id=32","title":{"rendered":"Tarifs"},"content":{"rendered":"\n<p><strong>Chez Bulles et Nature, vous vous sentirez&nbsp;chez vous. Plusieurs formules sont possibles et s&rsquo;adaptent \u00e0 vos attentes&#8230;<\/strong><\/p>\n\n\n\n<h1 class=\"wp-block-heading\"><span style=\"color: #333399;\"><span style=\"text-decoration: underline;\">LES NUITEES (tarifs pour l&rsquo;ann\u00e9e 2024)<\/span><\/span><\/h1>\n\n\n\n<p>Le petit-d\u00e9jeuner est \u00e9videmment inclus avec la nuit\u00e9e. Le jacuzzi est fonction de vos envies \u00e0 partir de 12 ans entre 18h et 0h. L&rsquo;accueil se fait \u00e0 partir de 18h jusque 22h. La chambre doit \u00eatre lib\u00e9r\u00e9e avant 11h. &nbsp;Possibilit\u00e9 de pr\u00e9parer un repas sur place dans nos kitchenettes ou livraison de pizzas \u00e0 domicile (sauf le mercredi)&#8230;<\/p>\n\n\n\n<h1 class=\"wp-block-heading\"><span style=\"text-decoration: underline; color: #333399;\"><strong><span style=\"text-decoration: underline;\">LA SUITE DOUBLE \u00ab\u00a0BULLES\u00a0\u00bb (2-3 personnes)<\/span><\/strong><\/span><\/h1>\n\n\n\n<p><strong><span style=\"color: #ff0000;\">De septembre \u00e0 juin avec acc\u00e8s au jacuzzi privatif :<\/span><\/strong><\/p>\n\n\n\n<p><span style=\"color: #ff6600;\"><strong><span style=\"text-decoration: underline;\">Formule semaine (du dimanche soir au jeudi soir)<\/span><\/strong><\/span><\/p>\n\n\n\n<p>Nuit\u00e9e avec acc\u00e8s au jacuzzi utilis\u00e9 en illimit\u00e9 : 140\u20ac<\/p>\n\n\n\n<p><span style=\"text-decoration: underline; color: #ff6600;\"><strong>Formule week-end (du Vendredi au samedi), jours f\u00e9ri\u00e9s et veilles de jours f\u00e9ri\u00e9s) <\/strong><\/span><\/p>\n\n\n\n<p>Nuit\u00e9e avec jacuzzi utilis\u00e9 en illimit\u00e9 : 170\u20ac<\/p>\n\n\n\n<p>WE deux nuits avec jacuzzi : 280 \u20ac\/2 personnes, 300 \u20ac\/3 personnes<\/p>\n\n\n\n<p><strong><span style=\"color: #ff0000;\">Du 15 juillet \u00e0 fin ao\u00fbt (pas de jacuzzi possible):<\/span><\/strong><\/p>\n\n\n\n<p><span style=\"text-decoration: underline;\"><span style=\"color: #ff6600;\"><strong>La nuit\u00e9e :<\/strong><\/span><\/span><\/p>\n\n\n\n<p>en semaine&nbsp;&nbsp;&nbsp;&nbsp;&nbsp;&nbsp;&nbsp;&nbsp;&nbsp;&nbsp;&nbsp;&nbsp;&nbsp;&nbsp;&nbsp;&nbsp;&nbsp;&nbsp;&nbsp;&nbsp;&nbsp;&nbsp;&nbsp;&nbsp;&nbsp;&nbsp;&nbsp;&nbsp;&nbsp;&nbsp;&nbsp;&nbsp;&nbsp;&nbsp;&nbsp;&nbsp;&nbsp;&nbsp;&nbsp;&nbsp;&nbsp;&nbsp;&nbsp;&nbsp;&nbsp;&nbsp;&nbsp;&nbsp;&nbsp;&nbsp;&nbsp;&nbsp;&nbsp;&nbsp;&nbsp;&nbsp;&nbsp;    en week-end :<\/p>\n\n\n\n<ul class=\"wp-block-list\">\n<li>72\u20ac\/1 personne<\/li>\n\n\n\n<li>85\u20ac\/2 personnes \u00a0 \u00a0 \u00a0 \u00a0 \u00a0 \u00a0 \u00a0 \u00a0 \u00a0 \u00a0 \u00a0 \u00a0 \u00a0 \u00a0 \u00a0 \u00a0 \u00a0 \u00a0 \u00a0 \u00a0\u00a0 90\u20ac\/2 personnes<\/li>\n\n\n\n<li>95\u20ac\/3 personnes\u00a0\u00a0\u00a0\u00a0\u00a0\u00a0\u00a0\u00a0\u00a0\u00a0\u00a0\u00a0\u00a0\u00a0\u00a0\u00a0\u00a0\u00a0\u00a0\u00a0\u00a0\u00a0\u00a0\u00a0\u00a0\u00a0\u00a0\u00a0\u00a0\u00a0\u00a0\u00a0\u00a0\u00a0\u00a0\u00a0\u00a0\u00a0\u00a0\u00a0\u00a0 98\u20ac\/3 personnes<\/li>\n<\/ul>\n\n\n\n<h1 class=\"wp-block-heading\"><span style=\"text-decoration: underline; color: #333399;\"><strong>LA&nbsp;SUITE FAMILIALE \u00ab\u00a0NATURE\u00a0\u00bb (1 \u00e0 4 personnes)<\/strong><\/span><\/h1>\n\n\n\n<p><span style=\"text-decoration: underline;\"><span style=\"color: #ff6600;\"><strong>La nuit\u00e9e<\/strong><\/span><\/span>, qu&rsquo;elle soit en semaine ou en week-end :<\/p>\n\n\n\n<ul class=\"wp-block-list\">\n<li>72\u20ac\/1 personne<\/li>\n\n\n\n<li>85\u20ac\/2 personnes<\/li>\n\n\n\n<li>98\u20ac\/3 personnes<\/li>\n\n\n\n<li>103\u20ac\/4 personnes<\/li>\n<\/ul>\n\n\n\n<p class=\"has-text-align-center\"><strong><span style=\"color: #ff6600;\">Vous vous mariez ou vous souhaitez &nbsp;f\u00eater votre anniversaire dans notre magnifique coin de nature ? F\u00e9licitations ! N&rsquo;h\u00e9sitez pas \u00e0 nous contacter. Nous adapterons nos formules afin que ce moment soit unique&#8230;<\/span><\/strong><\/p>\n","protected":false},"excerpt":{"rendered":"<p>Chez Bulles et Nature, vous vous sentirez&nbsp;chez vous. Plusieurs formules sont possibles et s&rsquo;adaptent \u00e0 vos attentes&#8230; LES NUITEES (tarifs pour l&rsquo;ann\u00e9e 2024) Le petit-d\u00e9jeuner est \u00e9videmment inclus avec la nuit\u00e9e. Le jacuzzi est fonction de vos envies \u00e0 partir de 12 ans entre 18h et 0h. L&rsquo;accueil se fait \u00e0 partir de 18h jusque [&hellip;]<\/p>\n","protected":false},"author":1,"featured_media":0,"parent":0,"menu_order":0,"comment_status":"open","ping_status":"open","template":"","meta":{"site-sidebar-layout":"default","site-content-layout":"","ast-site-content-layout":"default","site-content-style":"default","site-sidebar-style":"default","ast-global-header-display":"","ast-banner-title-visibility":"","ast-main-header-display":"","ast-hfb-above-header-display":"","ast-hfb-below-header-display":"","ast-hfb-mobile-header-display":"","site-post-title":"","ast-breadcrumbs-content":"","ast-featured-img":"","footer-sml-layout":"","ast-disable-related-posts":"","theme-transparent-header-meta":"","adv-header-id-meta":"","stick-header-meta":"","header-above-stick-meta":"","header-main-stick-meta":"","header-below-stick-meta":"","astra-migrate-meta-layouts":"default","ast-page-background-enabled":"default","ast-page-background-meta":{"desktop":{"background-color":"var(--ast-global-color-4)","background-image":"","background-repeat":"repeat","background-position":"center center","background-size":"auto","background-attachment":"scroll","background-type":"","background-media":"","overlay-type":"","overlay-color":"","overlay-opacity":"","overlay-gradient":""},"tablet":{"background-color":"","background-image":"","background-repeat":"repeat","background-position":"center center","background-size":"auto","background-attachment":"scroll","background-type":"","background-media":"","overlay-type":"","overlay-color":"","overlay-opacity":"","overlay-gradient":""},"mobile":{"background-color":"","background-image":"","background-repeat":"repeat","background-position":"center center","background-size":"auto","background-attachment":"scroll","background-type":"","background-media":"","overlay-type":"","overlay-color":"","overlay-opacity":"","overlay-gradient":""}},"ast-content-background-meta":{"desktop":{"background-color":"var(--ast-global-color-5)","background-image":"","background-repeat":"repeat","background-position":"center center","background-size":"auto","background-attachment":"scroll","background-type":"","background-media":"","overlay-type":"","overlay-color":"","overlay-opacity":"","overlay-gradient":""},"tablet":{"background-color":"var(--ast-global-color-5)","background-image":"","background-repeat":"repeat","background-position":"center center","background-size":"auto","background-attachment":"scroll","background-type":"","background-media":"","overlay-type":"","overlay-color":"","overlay-opacity":"","overlay-gradient":""},"mobile":{"background-color":"var(--ast-global-color-5)","background-image":"","background-repeat":"repeat","background-position":"center center","background-size":"auto","background-attachment":"scroll","background-type":"","background-media":"","overlay-type":"","overlay-color":"","overlay-opacity":"","overlay-gradient":""}},"footnotes":""},"class_list":["post-32","page","type-page","status-publish","hentry"],"_links":{"self":[{"href":"https:\/\/www.bullesetnature.fr\/index.php?rest_route=\/wp\/v2\/pages\/32","targetHints":{"allow":["GET"]}}],"collection":[{"href":"https:\/\/www.bullesetnature.fr\/index.php?rest_route=\/wp\/v2\/pages"}],"about":[{"href":"https:\/\/www.bullesetnature.fr\/index.php?rest_route=\/wp\/v2\/types\/page"}],"author":[{"embeddable":true,"href":"https:\/\/www.bullesetnature.fr\/index.php?rest_route=\/wp\/v2\/users\/1"}],"replies":[{"embeddable":true,"href":"https:\/\/www.bullesetnature.fr\/index.php?rest_route=%2Fwp%2Fv2%2Fcomments&post=32"}],"version-history":[{"count":27,"href":"https:\/\/www.bullesetnature.fr\/index.php?rest_route=\/wp\/v2\/pages\/32\/revisions"}],"predecessor-version":[{"id":522,"href":"https:\/\/www.bullesetnature.fr\/index.php?rest_route=\/wp\/v2\/pages\/32\/revisions\/522"}],"wp:attachment":[{"href":"https:\/\/www.bullesetnature.fr\/index.php?rest_route=%2Fwp%2Fv2%2Fmedia&parent=32"}],"curies":[{"name":"wp","href":"https:\/\/api.w.org\/{rel}","templated":true}]}}